{"id":1419,"date":"2022-10-04T14:06:26","date_gmt":"2022-10-04T12:06:26","guid":{"rendered":"https:\/\/niebieskiwiatrak.pl\/?page_id=1419"},"modified":"2022-10-04T14:07:32","modified_gmt":"2022-10-04T12:07:32","slug":"polityka-prywatnosci","status":"publish","type":"page","link":"https:\/\/niebieskiwiatrak.pl\/?page_id=1419","title":{"rendered":"polityka prywatno\u015bci"},"content":{"rendered":"\t\t<div data-elementor-type=\"wp-page\" data-elementor-id=\"1419\" class=\"elementor elementor-1419\">\n\t\t\t\t\t\t\t<div class=\"elementor-element elementor-element-dfc1a49 e-con-boxed e-flex e-con\" data-id=\"dfc1a49\" data-element_type=\"container\" data-settings=\"{&quot;content_width&quot;:&quot;boxed&quot;}\">\n\t\t\t\t\t<div class=\"e-con-inner\">\n\t\t\t\t<div class=\"elementor-element elementor-element-3c76334 elementor-widget elementor-widget-text-editor\" data-id=\"3c76334\" data-element_type=\"widget\" data-widget_type=\"text-editor.default\">\n\t\t\t\t<div class=\"elementor-widget-container\">\n\t\t\t<style>\/*! elementor - v3.13.3 - 22-05-2023 *\/\n.elementor-widget-text-editor.elementor-drop-cap-view-stacked .elementor-drop-cap{background-color:#69727d;color:#fff}.elementor-widget-text-editor.elementor-drop-cap-view-framed .elementor-drop-cap{color:#69727d;border:3px solid;background-color:transparent}.elementor-widget-text-editor:not(.elementor-drop-cap-view-default) .elementor-drop-cap{margin-top:8px}.elementor-widget-text-editor:not(.elementor-drop-cap-view-default) .elementor-drop-cap-letter{width:1em;height:1em}.elementor-widget-text-editor .elementor-drop-cap{float:left;text-align:center;line-height:1;font-size:50px}.elementor-widget-text-editor .elementor-drop-cap-letter{display:inline-block}<\/style>\t\t\t\t<p><span style=\"color: #000000;\"><span style=\"font-family: Arial, sans-serif;\"><span style=\"font-size: medium;\">Niniejsza Polityka stanowi podstawow\u0105 informacj\u0119 o celach, sposobach przetwarzania oraz bezpiecze\u0144stwie Twoich danych osobowych, jako u\u017cytkownika strony: niebieskiwiatrak.pl (zwanej dalej Stron\u0105). <\/span><\/span><\/span><\/p><p><strong><span style=\"color: #000000;\"><span style=\"font-family: Arial, sans-serif;\"><span style=\"font-size: medium;\"><b>\u00a71. Informacje podstawowe.<\/b><\/span><\/span><\/span><\/strong><\/p><ol><li><p><span style=\"color: #000000;\"><span style=\"font-family: Arial, sans-serif;\"><span style=\"font-size: medium;\">Administratorem Twoich danych osobowych jest: Fundacja Niebieski Wiatrak Plac Wolno\u015bci 9\/2 99-320 \u017bychlin NIP 7752666521 <\/span><\/span><\/span><\/p><\/li><li><p><span style=\"color: #000000;\"><span style=\"font-family: Arial, sans-serif;\"><span style=\"font-size: medium;\">Kontakt z Administratorem jest mo\u017cliwy za po\u015brednictwem:<br \/><br \/>1) poczty e-mail: niebieskiwiatrak@onet.pl<br \/>2) korespondencyjnie na adres: Fundacja Niebieski Wiatrak Plac Wolno\u015bci 9\/2 99-320 \u017bychlin <\/span><\/span><\/span><\/p><\/li><\/ol><p align=\"CENTER\"><strong><span style=\"color: #000000;\"><span style=\"font-family: Arial, sans-serif;\"><span style=\"font-size: medium;\"><b>\u00a72. Zasady przetwarzania danych.<\/b><\/span><\/span><\/span><\/strong><\/p><ol><li><p><span style=\"color: #000000;\"><span style=\"font-family: Arial, sans-serif;\"><span style=\"font-size: medium;\">Administrator przetwarza dane osobowe z poszanowaniem nast\u0119puj\u0105cych zasad:<\/span><\/span><\/span><\/p><\/li><\/ol><p><span style=\"color: #000000;\"><span style=\"font-family: Arial, sans-serif;\"><span style=\"font-size: medium;\">1) w oparciu o podstaw\u0119 prawn\u0105 i zgodnie z prawem (legalizm);<\/span><\/span><\/span><\/p><p><span style=\"color: #000000;\"><span style=\"font-family: Arial, sans-serif;\"><span style=\"font-size: medium;\">2) rzetelnie i uczciwie (rzetelno\u015b\u0107);<\/span><\/span><\/span><\/p><p><span style=\"color: #000000;\"><span style=\"font-family: Arial, sans-serif;\"><span style=\"font-size: medium;\">3) w spos\u00f3b przejrzysty dla osoby, kt\u00f3rej dane dotycz\u0105 (transparentno\u015b\u0107);<\/span><\/span><\/span><\/p><p><span style=\"color: #000000;\"><span style=\"font-family: Arial, sans-serif;\"><span style=\"font-size: medium;\">4) w konkretnych celach i nie \u201ena zapas\u201d (minimalizacja);<\/span><\/span><\/span><\/p><p><span style=\"color: #000000;\"><span style=\"font-family: Arial, sans-serif;\"><span style=\"font-size: medium;\">5) nie wi\u0119cej ni\u017c potrzeba (adekwatno\u015b\u0107);<\/span><\/span><\/span><\/p><p><span style=\"color: #000000;\"><span style=\"font-family: Arial, sans-serif;\"><span style=\"font-size: medium;\">6) z dba\u0142o\u015bci\u0105 o prawid\u0142owo\u015b\u0107 danych (prawid\u0142owo\u015b\u0107);<\/span><\/span><\/span><\/p><p><span style=\"color: #000000;\"><span style=\"font-family: Arial, sans-serif;\"><span style=\"font-size: medium;\">7) nie d\u0142u\u017cej ni\u017c potrzeba (czasowo\u015b\u0107);<\/span><\/span><\/span><\/p><p><span style=\"color: #000000;\"><span style=\"font-family: Arial, sans-serif;\"><span style=\"font-size: medium;\">8) zapewniaj\u0105c odpowiednie bezpiecze\u0144stwo danych (bezpiecze\u0144stwo).<\/span><\/span><\/span><\/p><p align=\"CENTER\"><strong><span style=\"color: #000000;\"><span style=\"font-family: Arial, sans-serif;\"><span style=\"font-size: medium;\"><b>\u00a73. Cele, podstawy prawne i zakres przetwarzania danych.<\/b><\/span><\/span><\/span><\/strong><\/p><p><span style=\"color: #000000;\"><span style=\"font-family: Arial, sans-serif;\"><span style=\"font-size: medium;\">1. Twoje dane b\u0119dziemy przetwarza\u0107:<\/span><\/span><\/span><\/p><p><span style=\"color: #000000;\"><span style=\"font-family: Arial, sans-serif;\"><span style=\"font-size: medium;\">1) w celach kontaktowych, aby udzieli\u0107 ci odpowiedzi na Twoj\u0105 wiadomo\u015b\u0107 przes\u0142an\u0105 nam bezpo\u015brednio drog\u0105 e-mailow\u0105 <\/span><\/span><\/span><\/p><p><span style=\"color: #000000;\"><span style=\"font-family: Arial, sans-serif;\"><span style=\"font-size: medium;\">2. Przetwarzamy Twoje dane w zakresie:<\/span><\/span><\/span><\/p><p><span style=\"color: #000000;\"><span style=\"font-family: Arial, sans-serif;\"><span style=\"font-size: medium;\">1) je\u015bli prze\u015blesz nam wiadomo\u015b\u0107 drog\u0105 mailow\u0105 to b\u0119dziemy przetwarza\u0107 dane, kt\u00f3re b\u0119d\u0105 w tej wiadomo\u015bci zawarte. Przekazanie nam danych w ten spos\u00f3b nast\u0119puje dobrowolnie. W ka\u017cdym czasie mo\u017cesz zwr\u00f3ci\u0107 si\u0119 do nas z pro\u015bb\u0105 o usuni\u0119cie tych danych.<\/span><\/span><\/span><\/p><p align=\"CENTER\"><strong><span style=\"color: #000000;\"><span style=\"font-family: Arial, sans-serif;\"><span style=\"font-size: medium;\"><b>\u00a7<\/b><\/span><\/span><\/span><\/strong><strong><span style=\"color: #000000;\"><span style=\"font-family: Arial, sans-serif;\"><span style=\"font-size: medium;\"><b>4<\/b><\/span><\/span><\/span><\/strong><strong><span style=\"color: #000000;\"><span style=\"font-family: Arial, sans-serif;\"><span style=\"font-size: medium;\"><b>. Termin przechowywania danych.<\/b><\/span><\/span><\/span><\/strong><\/p><p><span style=\"color: #000000;\"><span style=\"font-family: Arial, sans-serif;\"><span style=\"font-size: medium;\">Je\u015bli przekaza\u0142e\u015b nam swoje dane w wiadomo\u015bci przes\u0142anej drog\u0105 mailow\u0105 to Twoje dane b\u0119dziemy przetwarza\u0107 do momentu z\u0142o\u017cenia przez Ciebie \u017c\u0105dania usuni\u0119cia tych danych lub sprzeciwu wobec przetwarzania, ale r\u00f3wnie\u017c w przypadku, w kt\u00f3rym uznamy, \u017ce zrealizowali\u015bmy prawnie uzasadniony interes Administratora.<\/span><\/span><\/span><\/p><p align=\"CENTER\"><strong><span style=\"color: #000000;\"><span style=\"font-family: Arial, sans-serif;\"><span style=\"font-size: medium;\"><b>\u00a7<\/b><\/span><\/span><\/span><\/strong><strong><span style=\"color: #000000;\"><span style=\"font-family: Arial, sans-serif;\"><span style=\"font-size: medium;\"><b>5<\/b><\/span><\/span><\/span><\/strong><strong><span style=\"color: #000000;\"><span style=\"font-family: Arial, sans-serif;\"><span style=\"font-size: medium;\"><b>. Prawa u\u017cytkownik\u00f3w.<\/b><\/span><\/span><\/span><\/strong><\/p><p><span style=\"color: #000000;\"><span style=\"font-family: Arial, sans-serif;\"><span style=\"font-size: medium;\">1. W zwi\u0105zku z przetwarzaniem Twoich danych przys\u0142uguj\u0105 Ci nast\u0119puj\u0105ce prawa:<\/span><\/span><\/span><\/p><p><span style=\"color: #000000;\"><span style=\"font-family: Arial, sans-serif;\"><span style=\"font-size: medium;\">1)dost\u0119pu do tre\u015bci swoich danych oraz<\/span><\/span><\/span><\/p><p><span style=\"color: #000000;\"><span style=\"font-family: Arial, sans-serif;\"><span style=\"font-size: medium;\">2) prawo ich sprostowania, usuni\u0119cia, ograniczenia przetwarzania,<\/span><\/span><\/span><\/p><p><span style=\"color: #000000;\"><span style=\"font-family: Arial, sans-serif;\"><span style=\"font-size: medium;\">3) prawo do przenoszenia danych,<\/span><\/span><\/span><\/p><p><span style=\"color: #000000;\"><span style=\"font-family: Arial, sans-serif;\"><span style=\"font-size: medium;\">4) prawo wniesienia sprzeciwu,<\/span><\/span><\/span><\/p><p><span style=\"color: #000000;\"><span style=\"font-family: Arial, sans-serif;\"><span style=\"font-size: medium;\">5) prawo do cofni\u0119cia zgody na ich przetwarzanie w dowolnym momencie i w dowolnej formie, chyba \u017ce przetwarzanie Pa\u0144stwa danych odbywa si\u0119 w celu wykonywania umowy przez Administratora, w celu wywi\u0105zania si\u0119 przez Administratora z obowi\u0105zk\u00f3w prawnych wzgl\u0119dem instytucji pa\u0144stwowych lub w celu realizacji prawnie uzasadnionych interes\u00f3w Administratora.<\/span><\/span><\/span><\/p><p><span style=\"color: #000000;\"><span style=\"font-family: Arial, sans-serif;\"><span style=\"font-size: medium;\">2. Masz tak\u017ce prawo wniesienia skargi do Prezesa Urz\u0119du Ochrony Danych Osobowych (na adres Urz\u0119du Ochrony Danych Osobowych, ul. Stawki 2, 00-193 Warszawa).<\/span><\/span><\/span><\/p><p><span style=\"color: #000000;\"><span style=\"font-family: Arial, sans-serif;\"><span style=\"font-size: medium;\">3. Wi\u0119cej informacji w przedmiocie ochrony danych osobowych mog\u0105 Pa\u0144stwo otrzyma\u0107 na stronie internetowej Urz\u0119du Ochrony Danych Osobowych: <\/span><\/span><\/span><a href=\"http:\/\/www.uodo.gov.pl\/\"><span style=\"color: #000000;\"><span style=\"font-family: Arial, sans-serif;\"><span style=\"font-size: medium;\">www.uodo.gov.pl<\/span><\/span><\/span><\/a><\/p><p align=\"CENTER\"><br \/><br \/><\/p>\t\t\t\t\t\t<\/div>\n\t\t\t\t<\/div>\n\t\t\t\t\t<\/div>\n\t\t\t\t<\/div>\n\t\t\t\t\t\t\t<\/div>\n\t\t","protected":false},"excerpt":{"rendered":"<p>Niniejsza Polityka stanowi podstawow\u0105 informacj\u0119 o celach, sposobach przetwarzania oraz bezpiecze\u0144stwie Twoich danych osobowych, jako u\u017cytkownika strony: niebieskiwiatrak.pl (zwanej dalej Stron\u0105). \u00a71. Informacje podstawowe. Administratorem Twoich danych osobowych jest: Fundacja Niebieski Wiatrak Plac Wolno\u015bci 9\/2 99-320 \u017bychlin NIP 7752666521 Kontakt z Administratorem jest mo\u017cliwy za po\u015brednictwem: 1) poczty e-mail: niebieskiwiatrak@onet.pl2) korespondencyjnie na adres: Fundacja Niebieski [&hellip;]<\/p>\n","protected":false},"author":1,"featured_media":0,"parent":0,"menu_order":0,"comment_status":"closed","ping_status":"closed","template":"elementor_header_footer","meta":{"footnotes":""},"class_list":["post-1419","page","type-page","status-publish","hentry"],"_links":{"self":[{"href":"https:\/\/niebieskiwiatrak.pl\/index.php?rest_route=\/wp\/v2\/pages\/1419","targetHints":{"allow":["GET"]}}],"collection":[{"href":"https:\/\/niebieskiwiatrak.pl\/index.php?rest_route=\/wp\/v2\/pages"}],"about":[{"href":"https:\/\/niebieskiwiatrak.pl\/index.php?rest_route=\/wp\/v2\/types\/page"}],"author":[{"embeddable":true,"href":"https:\/\/niebieskiwiatrak.pl\/index.php?rest_route=\/wp\/v2\/users\/1"}],"replies":[{"embeddable":true,"href":"https:\/\/niebieskiwiatrak.pl\/index.php?rest_route=%2Fwp%2Fv2%2Fcomments&post=1419"}],"version-history":[{"count":4,"href":"https:\/\/niebieskiwiatrak.pl\/index.php?rest_route=\/wp\/v2\/pages\/1419\/revisions"}],"predecessor-version":[{"id":1423,"href":"https:\/\/niebieskiwiatrak.pl\/index.php?rest_route=\/wp\/v2\/pages\/1419\/revisions\/1423"}],"wp:attachment":[{"href":"https:\/\/niebieskiwiatrak.pl\/index.php?rest_route=%2Fwp%2Fv2%2Fmedia&parent=1419"}],"curies":[{"name":"wp","href":"https:\/\/api.w.org\/{rel}","templated":true}]}}